{"id":13025,"date":"2023-05-12T17:20:49","date_gmt":"2023-05-12T17:20:49","guid":{"rendered":"https:\/\/ormuco.com\/?page_id=13025"},"modified":"2023-05-12T17:41:54","modified_gmt":"2023-05-12T17:41:54","slug":"contact-us-2","status":"publish","type":"page","link":"https:\/\/ormuco.com\/fr\/contact-us-2\/","title":{"rendered":"Contactez-nous"},"content":{"rendered":"<div class=\"vc_row wpb_row vc_row-fluid m-h-365 header-b-contac vc_custom_1582661449272\"><div class=\"wpb_column vc_column_container vc_col-sm-6\"><div class=\"vc_column-inner\"><div class=\"wpb_wrapper\"><div id=\"ultimate-heading-123269d3d4b2afa10\" class=\"uvc-heading ult-adjust-bottom-margin ultimate-heading-123269d3d4b2afa10 uvc-4258\" data-hspacer=\"no_spacer\"  data-halign=\"left\" style=\"text-align:left\"><div class=\"uvc-heading-spacer no_spacer\" style=\"top\"><\/div><div class=\"uvc-main-heading ult-responsive\"  data-ultimate-target='.uvc-heading.ultimate-heading-123269d3d4b2afa10 h1'  data-responsive-json-new='{\"font-size\":\"desktop:38px;\",\"line-height\":\"desktop:38px;\"}' ><h1 style=\"font-family:&#039;Raleway&#039;;font-weight:700;color:#ffffff;margin-top:50px;\">Contactez-nous<\/h1><\/div><div class=\"uvc-sub-heading ult-responsive\"  data-ultimate-target='.uvc-heading.ultimate-heading-123269d3d4b2afa10 .uvc-sub-heading '  data-responsive-json-new='{\"font-size\":\"desktop:28px;\",\"line-height\":\"desktop:28px;\"}'  style=\"font-family:&#039;Raleway&#039;;font-weight:300;color:rgba(255,255,255,0.8);margin-top:30px;margin-bottom:30px;\">Demandez une d\u00e9mo ou un appel avec l'un de nos repr\u00e9sentants<\/div><\/div><\/div><\/div><\/div><div class=\"wpb_column vc_column_container vc_col-sm-6\"><div class=\"vc_column-inner\"><div class=\"wpb_wrapper\"><div class=\"ult-content-box-container social-media-widget-box\" >\t<a class=\"ult-content-box-anchor\" href=\"https:\/\/www.facebook.com\/Ormuco\/\" target=\"_blank\" rel=\"noopener\" >\t\t<div class=\"ult-content-box\" style=\"box-shadow: px px px px none;-webkit-transition: all 700ms ease;-moz-transition: all 700ms ease;-ms-transition: all 700ms ease;-o-transition: all 700ms ease;transition: all 700ms ease;\"  data-hover_box_shadow=\"none\"    ><div class=\"ult-just-icon-wrapper\"><div class=\"align-icon\" style=\"text-align:center;\">\n<a class=\"aio-tooltip 69d3d4b2afd7f\" href=\"https:\/\/www.facebook.com\/Ormuco\/\" target=\"_blank\" rel=\"noopener\"  data-toggle=\"tooltip\" data-placement=\"\"><div class=\"aio-icon-img\" style=\"font-size:40px;display:inline-block;\" >\n\t<img class=\"img-icon\" alt=\"null\" src=\"https:\/\/ormuco.com\/wp-content\/uploads\/2019\/04\/icon-facebook.png\"\/>\n<\/div><\/a><\/div><\/div><div class=\"ult-just-icon-wrapper\"><div class=\"align-icon\" style=\"text-align:center;\">\n<a class=\"aio-tooltip 69d3d4b2b0159\" href=\"https:\/\/twitter.com\/Ormuco_Inc\" target=\"_blank\" rel=\"noopener\"  data-toggle=\"tooltip\" data-placement=\"\"><div class=\"aio-icon-img\" style=\"font-size:40px;display:inline-block;\" >\n\t<img class=\"img-icon\" alt=\"null\" src=\"https:\/\/ormuco.com\/wp-content\/uploads\/2019\/04\/icon-twitter.png\"\/>\n<\/div><\/a><\/div><\/div><div class=\"ult-just-icon-wrapper\"><div class=\"align-icon\" style=\"text-align:center;\">\n<a class=\"aio-tooltip 69d3d4b2b0420\" href=\"https:\/\/www.linkedin.com\/company\/ormuco-inc-\/\" target=\"_blank\" rel=\"noopener\"  data-toggle=\"tooltip\" data-placement=\"\"><div class=\"aio-icon-img\" style=\"font-size:40px;display:inline-block;\" >\n\t<img class=\"img-icon\" alt=\"null\" src=\"https:\/\/ormuco.com\/wp-content\/uploads\/2019\/04\/icon-linkedin.png\"\/>\n<\/div><\/a><\/div><\/div><div class=\"ult-just-icon-wrapper\"><div class=\"align-icon\" style=\"text-align:center;\">\n<a class=\"aio-tooltip 69d3d4b2b06f9\" href=\"https:\/\/www.youtube.com\/channel\/UCbzzf28bWMg0zhOrq0fI_sQ\" target=\"_blank\" rel=\"noopener\"  data-toggle=\"tooltip\" data-placement=\"\"><div class=\"aio-icon-img\" style=\"font-size:40px;display:inline-block;\" >\n\t<img class=\"img-icon\" alt=\"null\" src=\"https:\/\/ormuco.com\/wp-content\/uploads\/2019\/04\/icon-youtube.png\"\/>\n<\/div><\/a><\/div><\/div>\t\t<\/div>\t<\/a><\/div><\/div><\/div><\/div><\/div><!-- Row Backgrounds --><div class=\"upb_bg_img\" data-ultimate-bg=\"url(https:\/\/ormuco.com\/wp-content\/uploads\/2018\/07\/16-CONTACT-US-Header-1.jpg)\" data-image-id=\"id^3708|url^https:\/\/ormuco.com\/wp-content\/uploads\/2018\/07\/16-CONTACT-US-Header-1.jpg|caption^null|alt^null|title^16-CONTACT-US-Header|description^null\" data-ultimate-bg-style=\"vcpb-default\" data-bg-img-repeat=\"no-repeat\" data-bg-img-size=\"cover\" data-bg-img-position=\"\" data-parallx_sense=\"30\" data-bg-override=\"full\" data-bg_img_attach=\"scroll\" data-upb-overlay-color=\"\" data-upb-bg-animation=\"\" data-fadeout=\"\" data-bg-animation=\"left-animation\" data-bg-animation-type=\"h\" data-animation-repeat=\"repeat\" data-fadeout-percentage=\"30\" data-parallax-content=\"\" data-parallax-content-sense=\"30\" data-row-effect-mobile-disable=\"true\" data-img-parallax-mobile-disable=\"true\" data-rtl=\"false\"  data-custom-vc-row=\"\"  data-vc=\"6.5.0\"  data-is_old_vc=\"\"  data-theme-support=\"\"   data-overlay=\"false\" data-overlay-color=\"\" data-overlay-pattern=\"\" data-overlay-pattern-opacity=\"\" data-overlay-pattern-size=\"\"    ><\/div><div class=\"vc_row wpb_row vc_row-fluid vc_custom_1582661507274\"><div class=\"wpb_column vc_column_container vc_col-sm-12\"><div class=\"vc_column-inner\"><div class=\"wpb_wrapper\"><div class=\"ult-content-box-container content-contact\" >\t\t<div class=\"ult-content-box\" style=\"box-shadow: px px px px none;border-style:solid;undefinedborder-color:#2d2d2d;-webkit-transition: all 700ms ease;-moz-transition: all 700ms ease;-ms-transition: all 700ms ease;-o-transition: all 700ms ease;transition: all 700ms ease;\"  data-hover_box_shadow=\"none\"     data-border_color=\"#2d2d2d\" ><div id=\"ultimate-heading-689969d3d4b2b12ca\" class=\"uvc-heading ult-adjust-bottom-margin ultimate-heading-689969d3d4b2b12ca uvc-8700\" data-hspacer=\"no_spacer\"  data-halign=\"center\" style=\"text-align:center\"><div class=\"uvc-heading-spacer no_spacer\" style=\"top\"><\/div><div class=\"uvc-main-heading ult-responsive\"  data-ultimate-target='.uvc-heading.ultimate-heading-689969d3d4b2b12ca h2'  data-responsive-json-new='{\"font-size\":\"desktop:30px;\",\"line-height\":\"\"}' ><h2 style=\"font-family:&#039;Raleway&#039;;font-weight:700;color:#482093;margin-bottom:30px;\">Demander une d\u00e9mo<\/h2><\/div><\/div><div class=\"wpforms-container wpforms-container-full\" id=\"wpforms-13023\"><form id=\"wpforms-form-13023\" class=\"wpforms-validate wpforms-form\" data-formid=\"13023\" method=\"post\" enctype=\"multipart\/form-data\" action=\"\/fr\/wp-json\/wp\/v2\/pages\/13025\" data-token=\"ce81faec0d5f5192196edefeed1b2a6a\" data-trp-original-action=\"\/fr\/wp-json\/wp\/v2\/pages\/13025\"><noscript class=\"wpforms-error-noscript\">Please enable JavaScript in your browser to complete this form.<\/noscript><div class=\"wpforms-field-container\"><div id=\"wpforms-13023-field_0-container\" class=\"wpforms-field wpforms-field-name\" data-field-id=\"0\"><label class=\"wpforms-field-label\" for=\"wpforms-13023-field_0\">Nom <span class=\"wpforms-required-label\">*<\/span><\/label><div class=\"wpforms-field-row wpforms-field-medium\"><div class=\"wpforms-field-row-block wpforms-first wpforms-one-half\"><input type=\"text\" id=\"wpforms-13023-field_0\" class=\"wpforms-field-name-first wpforms-field-required\" name=\"wpforms[fields][0][first]\" required><label for=\"wpforms-13023-field_0\" class=\"wpforms-field-sublabel after\">First<\/label><\/div><div class=\"wpforms-field-row-block wpforms-one-half\"><input type=\"text\" id=\"wpforms-13023-field_0-last\" class=\"wpforms-field-name-last wpforms-field-required\" name=\"wpforms[fields][0][last]\" required><label for=\"wpforms-13023-field_0-last\" class=\"wpforms-field-sublabel after\">Last<\/label><\/div><\/div><\/div><div id=\"wpforms-13023-field_1-container\" class=\"wpforms-field wpforms-field-email\" data-field-id=\"1\"><label class=\"wpforms-field-label\" for=\"wpforms-13023-field_1\">Courriel <span class=\"wpforms-required-label\">*<\/span><\/label><input type=\"email\" id=\"wpforms-13023-field_1\" class=\"wpforms-field-medium wpforms-field-required\" name=\"wpforms[fields][1]\" required><\/div><div id=\"wpforms-13023-field_3-container\" class=\"wpforms-field wpforms-field-name\" data-field-id=\"3\"><label class=\"wpforms-field-label\" for=\"wpforms-13023-field_3\">Compagnie <span class=\"wpforms-required-label\">*<\/span><\/label><input type=\"text\" id=\"wpforms-13023-field_3\" class=\"wpforms-field-medium wpforms-field-required\" name=\"wpforms[fields][3]\" required><\/div><div id=\"wpforms-13023-field_5-container\" class=\"wpforms-field wpforms-field-radio\" data-field-id=\"5\"><label class=\"wpforms-field-label\" for=\"wpforms-13023-field_5\">Quelle fonctionnalit\u00e9 vous int\u00e9resse le plus ?<\/label><ul id=\"wpforms-13023-field_5\"><li class=\"choice-1 depth-1\"><input type=\"radio\" id=\"wpforms-13023-field_5_1\" name=\"wpforms[fields][5]\" value=\"Edge Platform as a Service\"  ><label class=\"wpforms-field-label-inline\" for=\"wpforms-13023-field_5_1\">Plate-forme Edge en tant que service<\/label><\/li><li class=\"choice-2 depth-1\"><input type=\"radio\" id=\"wpforms-13023-field_5_2\" name=\"wpforms[fields][5]\" value=\"Infrastructure as a Service\"  ><label class=\"wpforms-field-label-inline\" for=\"wpforms-13023-field_5_2\">Infrastructure en tant que Service<\/label><\/li><li class=\"choice-3 depth-1\"><input type=\"radio\" id=\"wpforms-13023-field_5_3\" name=\"wpforms[fields][5]\" value=\"Infrastructure Provisioning\"  ><label class=\"wpforms-field-label-inline\" for=\"wpforms-13023-field_5_3\">Provisionnement d'infrastructure<\/label><\/li><li class=\"choice-4 depth-1\"><input type=\"radio\" id=\"wpforms-13023-field_5_4\" name=\"wpforms[fields][5]\" value=\"Decentralization\"  ><label class=\"wpforms-field-label-inline\" for=\"wpforms-13023-field_5_4\">D\u00e9centralisation<\/label><\/li><li class=\"choice-5 depth-1\"><input type=\"radio\" id=\"wpforms-13023-field_5_5\" name=\"wpforms[fields][5]\" value=\"Virtual SysAdmin as a Service\"  ><label class=\"wpforms-field-label-inline\" for=\"wpforms-13023-field_5_5\">Administrateur Syst\u00e8me Virtuel en tant que Service<\/label><\/li><\/ul><\/div><\/div><div class=\"wpforms-submit-container\" ><input type=\"hidden\" name=\"wpforms[id]\" value=\"13023\"><input type=\"hidden\" name=\"wpforms[author]\" value=\"9\"><button type=\"submit\" name=\"wpforms[submit]\" class=\"wpforms-submit\" id=\"wpforms-submit-13023\" value=\"wpforms-submit\" aria-live=\"assertive\" data-alt-text=\"Sending...\" data-submit-text=\"Submit\">Soumettre<\/button><\/div><input type=\"hidden\" name=\"trp-form-language\" value=\"fr\"\/><\/form><\/div>  <!-- .wpforms-container -->\t\t<\/div><\/div><\/div><\/div><\/div><\/div><div class=\"vc_row wpb_row vc_row-fluid vc_custom_1582661507274\"><div class=\"wpb_column vc_column_container vc_col-sm-4\"><div class=\"vc_column-inner\"><div class=\"wpb_wrapper\"><div class=\"ult-content-box-container content-contact\" >\t\t<div class=\"ult-content-box\" style=\"box-shadow: px px px px none;border-style:solid;undefinedborder-color:#2d2d2d;-webkit-transition: all 700ms ease;-moz-transition: all 700ms ease;-ms-transition: all 700ms ease;-o-transition: all 700ms ease;transition: all 700ms ease;\"  data-hover_box_shadow=\"none\"     data-border_color=\"#2d2d2d\" ><div id=\"ultimate-heading-791369d3d4b2b1ede\" class=\"uvc-heading ult-adjust-bottom-margin ultimate-heading-791369d3d4b2b1ede uvc-6778\" data-hspacer=\"no_spacer\"  data-halign=\"center\" style=\"text-align:center\"><div class=\"uvc-heading-spacer no_spacer\" style=\"top\"><\/div><div class=\"uvc-main-heading ult-responsive\"  data-ultimate-target='.uvc-heading.ultimate-heading-791369d3d4b2b1ede h2'  data-responsive-json-new='{\"font-size\":\"desktop:30px;\",\"line-height\":\"\"}' ><h2 style=\"font-family:&#039;Raleway&#039;;font-weight:700;color:#482093;margin-bottom:30px;\">Si\u00e8ge social d'Ormuco<\/h2><\/div><div class=\"uvc-sub-heading ult-responsive\"  data-ultimate-target='.uvc-heading.ultimate-heading-791369d3d4b2b1ede .uvc-sub-heading '  data-responsive-json-new='{\"font-size\":\"desktop:18px;\",\"line-height\":\"\"}'  style=\"font-family:&#039;Raleway&#039;;font-weight:300;color:#2d2d2d;\"><\/p>\n<p style=\"text-align: center;\">Our team is currently working remotely. To send us letter mail or parcels, please arrange with <strong>info@ormuco.com<\/strong>.<\/p>\n<p><\/div><\/div>\t\t<\/div><\/div><\/div><\/div><\/div><div class=\"wpb_column vc_column_container vc_col-sm-4\"><div class=\"vc_column-inner\"><div class=\"wpb_wrapper\"><div class=\"ult-content-box-container content-contact\" >\t\t<div class=\"ult-content-box\" style=\"box-shadow: px px px px none;border-style:solid;undefinedborder-color:#2d2d2d;-webkit-transition: all 700ms ease;-moz-transition: all 700ms ease;-ms-transition: all 700ms ease;-o-transition: all 700ms ease;transition: all 700ms ease;\"  data-hover_box_shadow=\"none\"     data-border_color=\"#2d2d2d\" ><div id=\"ultimate-heading-82969d3d4b2b213f\" class=\"uvc-heading ult-adjust-bottom-margin ultimate-heading-82969d3d4b2b213f uvc-6369\" data-hspacer=\"no_spacer\"  data-halign=\"center\" style=\"text-align:center\"><div class=\"uvc-heading-spacer no_spacer\" style=\"top\"><\/div><div class=\"uvc-main-heading ult-responsive\"  data-ultimate-target='.uvc-heading.ultimate-heading-82969d3d4b2b213f h2'  data-responsive-json-new='{\"font-size\":\"desktop:30px;\",\"line-height\":\"\"}' ><h2 style=\"font-family:&#039;Raleway&#039;;font-weight:700;color:#482093;margin-bottom:30px;\">Contactez notre \u00e9quipe de vente<\/h2><\/div><div class=\"uvc-sub-heading ult-responsive\"  data-ultimate-target='.uvc-heading.ultimate-heading-82969d3d4b2b213f .uvc-sub-heading '  data-responsive-json-new='{\"font-size\":\"desktop:18px;\",\"line-height\":\"\"}'  style=\"font-family:&#039;Raleway&#039;;font-weight:300;color:#2d2d2d;\"><\/p>\n<p style=\"text-align: center;\">Envoyer un courriel \u00e0 <strong>sales@ormuco.com<\/strong>.<\/p>\n<p><\/div><\/div><div class=\"vc_empty_space\"   style=\"height: 28px\"><span class=\"vc_empty_space_inner\"><\/span><\/div>\t\t<\/div><\/div><\/div><\/div><\/div><div class=\"wpb_column vc_column_container vc_col-sm-4\"><div class=\"vc_column-inner\"><div class=\"wpb_wrapper\"><div class=\"ult-content-box-container\" >\t\t<div class=\"ult-content-box\" style=\"-webkit-transition: all 700ms ease;-moz-transition: all 700ms ease;-ms-transition: all 700ms ease;-o-transition: all 700ms ease;transition: all 700ms ease;\"    ><div id=\"ultimate-heading-40869d3d4b2b23b3\" class=\"uvc-heading ult-adjust-bottom-margin ultimate-heading-40869d3d4b2b23b3 uvc-1701\" data-hspacer=\"no_spacer\"  data-halign=\"center\" style=\"text-align:center\"><div class=\"uvc-heading-spacer no_spacer\" style=\"top\"><\/div><div class=\"uvc-main-heading ult-responsive\"  data-ultimate-target='.uvc-heading.ultimate-heading-40869d3d4b2b23b3 h2'  data-responsive-json-new='{\"font-size\":\"desktop:30px;\",\"line-height\":\"\"}' ><h2 style=\"font-family:&#039;Raleway&#039;;font-weight:700;color:#482093;margin-bottom:30px;\">Int\u00e9ress\u00e9 \u00e0 nous rejoindre?<\/h2><\/div><div class=\"uvc-sub-heading ult-responsive\"  data-ultimate-target='.uvc-heading.ultimate-heading-40869d3d4b2b23b3 .uvc-sub-heading '  data-responsive-json-new='{\"font-size\":\"desktop:18px;\",\"line-height\":\"\"}'  style=\"font-family:&#039;Raleway&#039;;font-weight:300;color:#2d2d2d;\"><\/p>\n<p style=\"text-align: center;\">Envoyez votre CV ou vos questions \u00e0 <strong>careers@ormuco.com<\/strong>.<\/p>\n<p><\/div><\/div>\t\t<\/div><\/div><\/div><\/div><\/div><\/div>","protected":false},"excerpt":{"rendered":"Contact UsRequest a demo or a call with one of our representatives Request a DemoPlease enable JavaScript in your browser to complete this form.Name *FirstLastEmail *Company *Which feature are you mostly interested in?Edge Platform as a ServiceInfrastructure as a ServiceInfrastructure ProvisioningDecentralizationVirtual SysAdmin as a ServiceSubmit Ormuco Headquarters Our team is currently working remotely. To send [...]","protected":false},"author":9,"featured_media":0,"parent":0,"menu_order":0,"comment_status":"closed","ping_status":"closed","template":"","meta":{"spay_email":""},"yoast_head":"<!-- This site is optimized with the Yoast SEO plugin v15.5 - https:\/\/yoast.com\/wordpress\/plugins\/seo\/ -->\n<title>Contact Ormuco - It\u2019s Easy to Get in Touch With Us<\/title>\n<meta name=\"description\" content=\"Schedule a virtual or in-person demo, request more information about our products, or join the Ormuco team. We&#039;ll get back to you within a business day.\" \/>\n<meta name=\"robots\" content=\"index, follow, max-snippet:-1, max-image-preview:large, max-video-preview:-1\" \/>\n<link rel=\"canonical\" href=\"https:\/\/ormuco.com\/fr\/contact-us-2\/\" \/>\n<meta property=\"og:locale\" content=\"fr_CA\" \/>\n<meta property=\"og:type\" content=\"article\" \/>\n<meta property=\"og:title\" content=\"Contact Ormuco - It\u2019s Easy to Get in Touch With Us\" \/>\n<meta property=\"og:description\" content=\"Schedule a virtual or in-person demo, request more information about our products, or join the Ormuco team. We&#039;ll get back to you within a business day.\" \/>\n<meta property=\"og:url\" content=\"https:\/\/ormuco.com\/fr\/contact-us-2\/\" \/>\n<meta property=\"og:site_name\" content=\"Ormuco\" \/>\n<meta property=\"article:publisher\" content=\"https:\/\/www.facebook.com\/Ormuco\/\" \/>\n<meta property=\"article:modified_time\" content=\"2023-05-12T17:41:54+00:00\" \/>\n<meta name=\"twitter:card\" content=\"summary_large_image\" \/>\n<meta name=\"twitter:site\" content=\"@Ormuco_Inc\" \/>\n<meta name=\"twitter:label1\" content=\"Est. reading time\">\n\t<meta name=\"twitter:data1\" content=\"3 minutes\">\n<script type=\"application\/ld+json\" class=\"yoast-schema-graph\">{\"@context\":\"https:\/\/schema.org\",\"@graph\":[{\"@type\":\"Organization\",\"@id\":\"https:\/\/ormuco.com\/#organization\",\"name\":\"Ormuco Inc\",\"url\":\"https:\/\/ormuco.com\/\",\"sameAs\":[\"https:\/\/www.facebook.com\/Ormuco\/\",\"https:\/\/www.linkedin.com\/company\/ormuco-inc-\/\",\"https:\/\/www.youtube.com\/channel\/UCbzzf28bWMg0zhOrq0fI_sQ\",\"https:\/\/twitter.com\/Ormuco_Inc\"],\"logo\":{\"@type\":\"ImageObject\",\"@id\":\"https:\/\/ormuco.com\/#logo\",\"inLanguage\":\"fr-CA\",\"url\":\"https:\/\/ormuco.com\/wp-content\/uploads\/2018\/07\/Ormuco_logo.png\",\"width\":360,\"height\":89,\"caption\":\"Ormuco Inc\"},\"image\":{\"@id\":\"https:\/\/ormuco.com\/#logo\"}},{\"@type\":\"WebSite\",\"@id\":\"https:\/\/ormuco.com\/#website\",\"url\":\"https:\/\/ormuco.com\/\",\"name\":\"Ormuco\",\"description\":\"Next Generation Mobile Computing\",\"publisher\":{\"@id\":\"https:\/\/ormuco.com\/#organization\"},\"potentialAction\":[{\"@type\":\"SearchAction\",\"target\":\"https:\/\/ormuco.com\/?s={search_term_string}\",\"query-input\":\"required name=search_term_string\"}],\"inLanguage\":\"fr-CA\"},{\"@type\":\"WebPage\",\"@id\":\"https:\/\/ormuco.com\/contact-us-2\/#webpage\",\"url\":\"https:\/\/ormuco.com\/contact-us-2\/\",\"name\":\"Contact Ormuco - It\\u2019s Easy to Get in Touch With Us\",\"isPartOf\":{\"@id\":\"https:\/\/ormuco.com\/#website\"},\"datePublished\":\"2023-05-12T17:20:49+00:00\",\"dateModified\":\"2023-05-12T17:41:54+00:00\",\"description\":\"Schedule a virtual or in-person demo, request more information about our products, or join the Ormuco team. We'll get back to you within a business day.\",\"inLanguage\":\"fr-CA\",\"potentialAction\":[{\"@type\":\"ReadAction\",\"target\":[\"https:\/\/ormuco.com\/contact-us-2\/\"]}]}]}<\/script>\n<!-- \/ Yoast SEO plugin. -->","jetpack_shortlink":"https:\/\/wp.me\/Pa8ID1-3o5","_links":{"self":[{"href":"https:\/\/ormuco.com\/fr\/wp-json\/wp\/v2\/pages\/13025"}],"collection":[{"href":"https:\/\/ormuco.com\/fr\/wp-json\/wp\/v2\/pages"}],"about":[{"href":"https:\/\/ormuco.com\/fr\/wp-json\/wp\/v2\/types\/page"}],"author":[{"embeddable":true,"href":"https:\/\/ormuco.com\/fr\/wp-json\/wp\/v2\/users\/9"}],"replies":[{"embeddable":true,"href":"https:\/\/ormuco.com\/fr\/wp-json\/wp\/v2\/comments?post=13025"}],"version-history":[{"count":8,"href":"https:\/\/ormuco.com\/fr\/wp-json\/wp\/v2\/pages\/13025\/revisions"}],"predecessor-version":[{"id":13036,"href":"https:\/\/ormuco.com\/fr\/wp-json\/wp\/v2\/pages\/13025\/revisions\/13036"}],"wp:attachment":[{"href":"https:\/\/ormuco.com\/fr\/wp-json\/wp\/v2\/media?parent=13025"}],"curies":[{"name":"wp","href":"https:\/\/api.w.org\/{rel}","templated":true}]}}