{"id":6114,"date":"2019-04-08T16:41:49","date_gmt":"2019-04-08T16:41:49","guid":{"rendered":"https:\/\/ormuco.com\/?page_id=6114"},"modified":"2023-06-07T01:38:02","modified_gmt":"2023-06-07T01:38:02","slug":"use-cases","status":"publish","type":"page","link":"https:\/\/ormuco.com\/fr\/use-cases\/","title":{"rendered":"Cas d'utilisation"},"content":{"rendered":"<div class=\"vc_row wpb_row vc_row-fluid header-home vc_custom_1554774043245\"><div class=\"wpb_column vc_column_container vc_col-sm-6\"><div class=\"vc_column-inner\"><div class=\"wpb_wrapper\"><div id=\"ultimate-heading-699469ed364ae6c09\" class=\"uvc-heading ult-adjust-bottom-margin ultimate-heading-699469ed364ae6c09 uvc-6053 header-home-text\" data-hspacer=\"no_spacer\"  data-halign=\"left\" style=\"text-align:left\"><div class=\"uvc-heading-spacer no_spacer\" style=\"top\"><\/div><div class=\"uvc-main-heading ult-responsive\"  data-ultimate-target='.uvc-heading.ultimate-heading-699469ed364ae6c09 h1'  data-responsive-json-new='{\"font-size\":\"desktop:38px;\",\"line-height\":\"desktop:38px;\"}' ><h1 style=\"font-family:&#039;Raleway&#039;;font-weight:700;color:#ffffff;margin-top:50px;\">Cas d'utilisation<\/h1><\/div><div class=\"uvc-sub-heading ult-responsive\"  data-ultimate-target='.uvc-heading.ultimate-heading-699469ed364ae6c09 .uvc-sub-heading '  data-responsive-json-new='{\"font-size\":\"desktop:28px;\",\"line-height\":\"desktop:28px;\"}'  style=\"font-family:&#039;Raleway&#039;;font-weight:300;color:rgba(255,255,255,0.8);margin-top:30px;margin-bottom:30px;\">Go\u00fbtez au pouvoir d\u2019une plateforme riche et offrez des services natifs de l\u2019edge computing de pointe.<\/div><\/div><\/div><\/div><\/div><div class=\"wpb_column vc_column_container vc_col-sm-6\"><div class=\"vc_column-inner\"><div class=\"wpb_wrapper\"><\/div><\/div><\/div><\/div><!-- Row Backgrounds --><div class=\"upb_bg_img\" data-ultimate-bg=\"url(https:\/\/ormuco.com\/wp-content\/uploads\/2019\/04\/header-use-cases.png)\" data-image-id=\"id^6125|url^https:\/\/ormuco.com\/wp-content\/uploads\/2019\/04\/header-use-cases.png|caption^null|alt^null|title^header-use-cases|description^null\" data-ultimate-bg-style=\"vcpb-default\" data-bg-img-repeat=\"no-repeat\" data-bg-img-size=\"cover\" data-bg-img-position=\"center bottom\" data-parallx_sense=\"30\" data-bg-override=\"full\" data-bg_img_attach=\"fixed\" data-upb-overlay-color=\"\" data-upb-bg-animation=\"\" data-fadeout=\"\" data-bg-animation=\"left-animation\" data-bg-animation-type=\"h\" data-animation-repeat=\"repeat\" data-fadeout-percentage=\"30\" data-parallax-content=\"\" data-parallax-content-sense=\"30\" data-row-effect-mobile-disable=\"true\" data-img-parallax-mobile-disable=\"true\" data-rtl=\"false\"  data-custom-vc-row=\"\"  data-vc=\"6.5.0\"  data-is_old_vc=\"\"  data-theme-support=\"\"   data-overlay=\"false\" data-overlay-color=\"\" data-overlay-pattern=\"\" data-overlay-pattern-opacity=\"\" data-overlay-pattern-size=\"\"    ><\/div><div class=\"vc_row wpb_row vc_row-fluid vc_custom_1554752428815\"><div class=\"wpb_column vc_column_container vc_col-sm-2\"><div class=\"vc_column-inner\"><div class=\"wpb_wrapper\"><\/div><\/div><\/div><div class=\"wpb_column vc_column_container vc_col-sm-8\"><div class=\"vc_column-inner\"><div class=\"wpb_wrapper\"><div id=\"ultimate-heading-498069ed364ae7b72\" class=\"uvc-heading ult-adjust-bottom-margin ultimate-heading-498069ed364ae7b72 uvc-7059\" data-hspacer=\"no_spacer\"  data-halign=\"center\" style=\"text-align:center\"><div class=\"uvc-heading-spacer no_spacer\" style=\"top\"><\/div><div class=\"uvc-main-heading ult-responsive\"  data-ultimate-target='.uvc-heading.ultimate-heading-498069ed364ae7b72 h2'  data-responsive-json-new='{\"font-size\":\"desktop:38px;\",\"line-height\":\"desktop:36px;\"}' ><h2 style=\"font-family:&#039;Raleway&#039;;font-weight:700;color:#2d2d2d;margin-bottom:38px;\">Tout \u201cen tant que service\u201d<\/h2><\/div><div class=\"uvc-sub-heading ult-responsive\"  data-ultimate-target='.uvc-heading.ultimate-heading-498069ed364ae7b72 .uvc-sub-heading '  data-responsive-json-new='{\"font-size\":\"desktop:18px;\",\"line-height\":\"desktop:28px;\"}'  style=\"font-family:&#039;Raleway&#039;;font-weight:300;color:#000000;\">Notre solution logicielle r\u00e9pond aux d\u00e9fis li\u00e9s \u00e0 la gestion des donn\u00e9es de tout type d\u2019industrie. Que vous conceviez des services pour votre propre entreprise ou pour vos clients, vous pouvez compter sur la solution Ormuco pour offrir de la haute performance et de la vraie innovation.<\/div><\/div><\/div><\/div><\/div><div class=\"wpb_column vc_column_container vc_col-sm-2\"><div class=\"vc_column-inner\"><div class=\"wpb_wrapper\"><\/div><\/div><\/div><\/div><div data-vc-full-width=\"true\" data-vc-full-width-init=\"false\" data-vc-stretch-content=\"true\" class=\"vc_row wpb_row vc_row-fluid m-b-0 row-background row-background-new vc_row-o-equal-height vc_row-flex\"><div class=\"m-height-200 wpb_column vc_column_container vc_col-sm-6 vc_col-has-fill\"><div class=\"vc_column-inner vc_custom_1554743743919\"><div class=\"wpb_wrapper\">\n\t<div  class=\"wpb_single_image wpb_content_element vc_align_center  vc_custom_1554774733789\">\n\t\t\n\t\t<figure class=\"wpb_wrapper vc_figure\">\n\t\t\t<div class=\"vc_single_image-wrapper   vc_box_border_grey\"><img class=\"vc_single_image-img\" src=\"https:\/\/ormuco.com\/wp-content\/uploads\/2019\/04\/skycraper-150x150.png\" width=\"150\" height=\"150\" alt=\"skycraper\" title=\"skycraper\" \/><\/div>\n\t\t<\/figure>\n\t<\/div>\n<\/div><\/div><\/div><div class=\"wpb_column vc_column_container vc_col-sm-6 vc_col-has-fill\"><div class=\"vc_column-inner vc_custom_1554754386513\"><div class=\"wpb_wrapper\"><div id=\"ultimate-heading-443969ed364ae8a06\" class=\"uvc-heading ult-adjust-bottom-margin ultimate-heading-443969ed364ae8a06 uvc-1399\" data-hspacer=\"no_spacer\"  data-halign=\"left\" style=\"text-align:left\"><div class=\"uvc-heading-spacer no_spacer\" style=\"top\"><\/div><div class=\"uvc-main-heading ult-responsive\"  data-ultimate-target='.uvc-heading.ultimate-heading-443969ed364ae8a06 h2'  data-responsive-json-new='{\"font-size\":\"desktop:28px;\",\"line-height\":\"desktop:24px;\"}' ><h2 style=\"font-family:&#039;Raleway&#039;;font-weight:700;color:#ffffff;margin-top:50px;\">Avec la solution Ormuco, toute entreprise r\u00e9ussit \u00e0:<\/h2><\/div><div class=\"uvc-sub-heading ult-responsive\"  data-ultimate-target='.uvc-heading.ultimate-heading-443969ed364ae8a06 .uvc-sub-heading '  data-responsive-json-new='{\"font-size\":\"desktop:18px;\",\"line-height\":\"desktop:30px;\"}'  style=\"font-family:&#039;Raleway&#039;;font-weight:300;color:#ffffff;\"><\/p>\n<ul>\n<li>\u00a0<strong>R\u00e9soudre les probl\u00e8mes de latence, bande passante et confidentialit\u00e9 des donn\u00e9es<\/strong> que l\u2019infonuagique ne peut r\u00e9soudre<\/li>\n<li>\u00a0<strong>Virtualiser<\/strong> le traitement, le stockage et le r\u00e9seau avec <strong>du mat\u00e9riel de base ou de pointe<\/strong><\/li>\n<li>\u00a0Renforcer sa strat\u00e9gie de <strong>reprise d\u2019activit\u00e9 en cas de sinistre<\/strong> <br><\/li>\n<\/ul>\n<p><\/div><\/div><div class=\"vc_btn3-container vc_btn3-left vc_custom_1555953517530\" ><a style=\"background-color:#482093; color:#ffffff;\" class=\"vc_general vc_btn3 vc_btn3-size-md vc_btn3-shape-square vc_btn3-style-custom\" href=\"https:\/\/ormuco.com\/fr\/edge\/\" title=\"\">D\u00e9couvrez notre offre Edge P\u00e9riph\u00e9rique<\/a><\/div><\/div><\/div><\/div><\/div><div class=\"vc_row-full-width vc_clearfix\"><\/div><!-- Row Backgrounds --><div data-vc-full-width=\"true\" data-vc-full-width-init=\"false\" data-vc-stretch-content=\"true\" class=\"vc_row wpb_row vc_row-fluid m-b-0 row-background row-background-new inverse-order vc_row-o-equal-height vc_row-flex\"><div class=\"wpb_column vc_column_container vc_col-sm-6 vc_col-has-fill\"><div class=\"vc_column-inner vc_custom_1554754401095\"><div class=\"wpb_wrapper\"><div id=\"ultimate-heading-541069ed364ae9010\" class=\"uvc-heading ult-adjust-bottom-margin ultimate-heading-541069ed364ae9010 uvc-5042\" data-hspacer=\"no_spacer\"  data-halign=\"left\" style=\"text-align:left\"><div class=\"uvc-heading-spacer no_spacer\" style=\"top\"><\/div><div class=\"uvc-main-heading ult-responsive\"  data-ultimate-target='.uvc-heading.ultimate-heading-541069ed364ae9010 h2'  data-responsive-json-new='{\"font-size\":\"desktop:28px;\",\"line-height\":\"desktop:24px;\"}' ><h2 style=\"font-family:&#039;Raleway&#039;;font-weight:700;color:#ffffff;margin-top:50px;\">Avec la solution Ormuco, tout fournisseur de service r\u00e9ussit \u00e0:<\/h2><\/div><div class=\"uvc-sub-heading ult-responsive\"  data-ultimate-target='.uvc-heading.ultimate-heading-541069ed364ae9010 .uvc-sub-heading '  data-responsive-json-new='{\"font-size\":\"desktop:18px;\",\"line-height\":\"desktop:30px;\"}'  style=\"font-family:&#039;Raleway&#039;;font-weight:300;color:#ffffff;\"><\/p>\n<ul>\n<li>Obtenir une solution <strong>marque blanche, personnalisable<\/strong> avec des options int\u00e9gr\u00e9es de <strong>facturation<\/strong>, <strong>support<\/strong>, <strong>et r\u00e9tro-information<\/strong> <br><\/li>\n<li>B\u00e2tir des offres solides <strong>r\u00e9gionales et globales d\u2019infrastructure-service<\/strong>, <strong>plateforme-service et logiciel-service<\/strong> <br><\/li>\n<li>B\u00e9n\u00e9ficier de <strong>l\u2019informatique distribu\u00e9e<\/strong> pour augmenter ses revenus<\/li>\n<\/ul>\n<p><\/div><\/div><div class=\"vc_btn3-container vc_btn3-left vc_custom_1555953536642\" ><a style=\"background-color:#c01795; color:#ffffff;\" class=\"vc_general vc_btn3 vc_btn3-size-md vc_btn3-shape-square vc_btn3-style-custom\" href=\"https:\/\/ormuco.com\/fr\/stack\/\" title=\"\">En savoir plus sur notre offre IaaS<\/a><\/div><\/div><\/div><\/div><div class=\"m-height-200 wpb_column vc_column_container vc_col-sm-6 vc_col-has-fill\"><div class=\"vc_column-inner vc_custom_1554904217596\"><div class=\"wpb_wrapper\">\n\t<div  class=\"wpb_single_image wpb_content_element vc_align_center  vc_custom_1554774721230\">\n\t\t\n\t\t<figure class=\"wpb_wrapper vc_figure\">\n\t\t\t<div class=\"vc_single_image-wrapper   vc_box_border_grey\"><img class=\"vc_single_image-img\" src=\"https:\/\/ormuco.com\/wp-content\/uploads\/2019\/04\/solution-150x150.png\" width=\"150\" height=\"150\" alt=\"solution\" title=\"solution\" \/><\/div>\n\t\t<\/figure>\n\t<\/div>\n<\/div><\/div><\/div><\/div><div class=\"vc_row-full-width vc_clearfix\"><\/div><!-- Row Backgrounds --><div data-vc-full-width=\"true\" data-vc-full-width-init=\"false\" data-vc-stretch-content=\"true\" class=\"vc_row wpb_row vc_row-fluid m-b-0 row-background row-background-new vc_custom_1599004120687 vc_row-has-fill vc_row-o-equal-height vc_row-flex\"><div class=\"m-height-200 wpb_column vc_column_container vc_col-sm-6 vc_col-has-fill\"><div class=\"vc_column-inner vc_custom_1554750694304\"><div class=\"wpb_wrapper\">\n\t<div  class=\"wpb_single_image wpb_content_element vc_align_center  vc_custom_1554774712760\">\n\t\t\n\t\t<figure class=\"wpb_wrapper vc_figure\">\n\t\t\t<div class=\"vc_single_image-wrapper   vc_box_border_grey\"><img class=\"vc_single_image-img\" src=\"https:\/\/ormuco.com\/wp-content\/uploads\/2019\/04\/web-development-150x150.png\" width=\"150\" height=\"150\" alt=\"web-development\" title=\"web-development\" \/><\/div>\n\t\t<\/figure>\n\t<\/div>\n<\/div><\/div><\/div><div class=\"wpb_column vc_column_container vc_col-sm-6 vc_col-has-fill\"><div class=\"vc_column-inner vc_custom_1599004055425\"><div class=\"wpb_wrapper\"><div id=\"ultimate-heading-301569ed364aea400\" class=\"uvc-heading ult-adjust-bottom-margin ultimate-heading-301569ed364aea400 uvc-5821\" data-hspacer=\"no_spacer\"  data-halign=\"left\" style=\"text-align:left\"><div class=\"uvc-heading-spacer no_spacer\" style=\"top\"><\/div><div class=\"uvc-main-heading ult-responsive\"  data-ultimate-target='.uvc-heading.ultimate-heading-301569ed364aea400 h2'  data-responsive-json-new='{\"font-size\":\"desktop:28px;\",\"line-height\":\"desktop:24px;\"}' ><h2 style=\"font-family:&#039;Raleway&#039;;font-weight:700;color:#ffffff;margin-top:50px;\">Avec la solution Ormuco, les d\u00e9veloppeurs r\u00e9ussissent \u00e0:<\/h2><\/div><div class=\"uvc-sub-heading ult-responsive\"  data-ultimate-target='.uvc-heading.ultimate-heading-301569ed364aea400 .uvc-sub-heading '  data-responsive-json-new='{\"font-size\":\"desktop:18px;\",\"line-height\":\"desktop:30px;\"}'  style=\"font-family:&#039;Raleway&#039;;font-weight:300;color:#ffffff;\">D\u00e9velopper du logiciel-service pour <strong>l\u2019infonuagique et l\u2019informatique de p\u00e9riph\u00e9rie (IoT)<\/strong> avec:<\/p>\n<ul>\n<li>L\u2019int\u00e9gration web via des <strong>APIs de type Restful<\/strong><\/li>\n<li>Une place de march\u00e9 <strong>(marketplace) int\u00e9gr\u00e9e<\/strong><\/li>\n<li><strong>Des services de conteneurs<\/strong> en tant que service<\/li>\n<li>Des bases de donn\u00e9es<strong> en tant que service<\/strong> et bien plus<\/li>\n<\/ul>\n<p><\/div><\/div><div class=\"vc_btn3-container vc_btn3-left vc_custom_1686101877975\" ><a style=\"background-color:#482093; color:#ffffff;\" class=\"vc_general vc_btn3 vc_btn3-size-md vc_btn3-shape-square vc_btn3-style-custom\" href=\"https:\/\/ormuco.com\/fr\/contact-us-2\/\" title=\"Contactez-nous\" target=\"_blank\">En savoir plus<\/a><\/div><\/div><\/div><\/div><\/div><div class=\"vc_row-full-width vc_clearfix\"><\/div><!-- Row Backgrounds --><\/p>","protected":false},"excerpt":{"rendered":"Use CasesTap into the power of a feature-rich platform and deliver outstanding edge-native services.Anything as a ServiceOur software solution responds to any data-related challenges for any industry. Whether you build services for your own business or your clients, you can rely on Ormuco to deliver high performance and true innovation. With Ormuco Software, Any Enterprise [...]","protected":false},"author":4,"featured_media":0,"parent":0,"menu_order":0,"comment_status":"closed","ping_status":"closed","template":"","meta":{"spay_email":""},"yoast_head":"<!-- This site is optimized with the Yoast SEO plugin v15.5 - https:\/\/yoast.com\/wordpress\/plugins\/seo\/ -->\n<title>Our Use Cases - Anything as a Service<\/title>\n<meta name=\"description\" content=\"Tap into the power of a feature-rich platform and deliver outstanding edge-native services.\" \/>\n<meta name=\"robots\" content=\"index, follow, max-snippet:-1, max-image-preview:large, max-video-preview:-1\" \/>\n<link rel=\"canonical\" href=\"https:\/\/ormuco.com\/fr\/use-cases\/\" \/>\n<meta property=\"og:locale\" content=\"fr_CA\" \/>\n<meta property=\"og:type\" content=\"article\" \/>\n<meta property=\"og:title\" content=\"Our Use Cases - Anything as a Service\" \/>\n<meta property=\"og:description\" content=\"Tap into the power of a feature-rich platform and deliver outstanding edge-native services.\" \/>\n<meta property=\"og:url\" content=\"https:\/\/ormuco.com\/fr\/use-cases\/\" \/>\n<meta property=\"og:site_name\" content=\"Ormuco\" \/>\n<meta property=\"article:publisher\" content=\"https:\/\/www.facebook.com\/Ormuco\/\" \/>\n<meta property=\"article:modified_time\" content=\"2023-06-07T01:38:02+00:00\" \/>\n<meta name=\"twitter:card\" content=\"summary_large_image\" \/>\n<meta name=\"twitter:site\" content=\"@Ormuco_Inc\" \/>\n<meta name=\"twitter:label1\" content=\"Est. reading time\">\n\t<meta name=\"twitter:data1\" content=\"4 minutes\">\n<script type=\"application\/ld+json\" class=\"yoast-schema-graph\">{\"@context\":\"https:\/\/schema.org\",\"@graph\":[{\"@type\":\"Organization\",\"@id\":\"https:\/\/ormuco.com\/#organization\",\"name\":\"Ormuco Inc\",\"url\":\"https:\/\/ormuco.com\/\",\"sameAs\":[\"https:\/\/www.facebook.com\/Ormuco\/\",\"https:\/\/www.linkedin.com\/company\/ormuco-inc-\/\",\"https:\/\/www.youtube.com\/channel\/UCbzzf28bWMg0zhOrq0fI_sQ\",\"https:\/\/twitter.com\/Ormuco_Inc\"],\"logo\":{\"@type\":\"ImageObject\",\"@id\":\"https:\/\/ormuco.com\/#logo\",\"inLanguage\":\"fr-CA\",\"url\":\"https:\/\/ormuco.com\/wp-content\/uploads\/2018\/07\/Ormuco_logo.png\",\"width\":360,\"height\":89,\"caption\":\"Ormuco Inc\"},\"image\":{\"@id\":\"https:\/\/ormuco.com\/#logo\"}},{\"@type\":\"WebSite\",\"@id\":\"https:\/\/ormuco.com\/#website\",\"url\":\"https:\/\/ormuco.com\/\",\"name\":\"Ormuco\",\"description\":\"Next Generation Mobile Computing\",\"publisher\":{\"@id\":\"https:\/\/ormuco.com\/#organization\"},\"potentialAction\":[{\"@type\":\"SearchAction\",\"target\":\"https:\/\/ormuco.com\/?s={search_term_string}\",\"query-input\":\"required name=search_term_string\"}],\"inLanguage\":\"fr-CA\"},{\"@type\":\"WebPage\",\"@id\":\"https:\/\/ormuco.com\/use-cases\/#webpage\",\"url\":\"https:\/\/ormuco.com\/use-cases\/\",\"name\":\"Our Use Cases - Anything as a Service\",\"isPartOf\":{\"@id\":\"https:\/\/ormuco.com\/#website\"},\"datePublished\":\"2019-04-08T16:41:49+00:00\",\"dateModified\":\"2023-06-07T01:38:02+00:00\",\"description\":\"Tap into the power of a feature-rich platform and deliver outstanding edge-native services.\",\"inLanguage\":\"fr-CA\",\"potentialAction\":[{\"@type\":\"ReadAction\",\"target\":[\"https:\/\/ormuco.com\/use-cases\/\"]}]}]}<\/script>\n<!-- \/ Yoast SEO plugin. -->","jetpack_shortlink":"https:\/\/wp.me\/Pa8ID1-1AC","_links":{"self":[{"href":"https:\/\/ormuco.com\/fr\/wp-json\/wp\/v2\/pages\/6114"}],"collection":[{"href":"https:\/\/ormuco.com\/fr\/wp-json\/wp\/v2\/pages"}],"about":[{"href":"https:\/\/ormuco.com\/fr\/wp-json\/wp\/v2\/types\/page"}],"author":[{"embeddable":true,"href":"https:\/\/ormuco.com\/fr\/wp-json\/wp\/v2\/users\/4"}],"replies":[{"embeddable":true,"href":"https:\/\/ormuco.com\/fr\/wp-json\/wp\/v2\/comments?post=6114"}],"version-history":[{"count":46,"href":"https:\/\/ormuco.com\/fr\/wp-json\/wp\/v2\/pages\/6114\/revisions"}],"predecessor-version":[{"id":13052,"href":"https:\/\/ormuco.com\/fr\/wp-json\/wp\/v2\/pages\/6114\/revisions\/13052"}],"wp:attachment":[{"href":"https:\/\/ormuco.com\/fr\/wp-json\/wp\/v2\/media?parent=6114"}],"curies":[{"name":"wp","href":"https:\/\/api.w.org\/{rel}","templated":true}]}}